{"id":140,"date":"2017-11-22T12:27:35","date_gmt":"2017-11-22T12:27:35","guid":{"rendered":"https:\/\/gamma.lgs.lu\/?page_id=140"},"modified":"2017-11-23T12:22:58","modified_gmt":"2017-11-23T12:22:58","slug":"firwat-gamma","status":"publish","type":"page","link":"https:\/\/gamma.lgs.lu\/?page_id=140","title":{"rendered":"Firwat Gamma"},"content":{"rendered":"<p>[et_pb_section bb_built=&#8220;1&#8243; _builder_version=&#8220;3.0.89&#8243; background_color=&#8220;#0c71c3&#8243; background_color_gradient_start=&#8220;#0d9de0&#8243; background_color_gradient_end=&#8220;#35d6ff&#8220;][et_pb_row _builder_version=&#8220;3.0.89&#8243;][et_pb_column type=&#8220;2_3&#8243;][et_pb_text _builder_version=&#8220;3.0.89&#8243; background_layout=&#8220;light&#8220; animation_style=&#8220;slide&#8220; text_font_size=&#8220;15px&#8220; text_font_size_last_edited=&#8220;on|&#8220; text_orientation=&#8220;justified&#8220; module_alignment=&#8220;left&#8220; border_radii=&#8220;|0px|0px|0px|0px&#8220; text_letter_spacing=&#8220;1px&#8220; text_line_height=&#8220;2em&#8220; border_width_all=&#8220;10px&#8220; border_color_all=&#8220;#0c71c3&#8243; border_style_all=&#8220;none&#8220;]<\/p>\n<h4><span style=\"color: #f2f2f2;\"><strong>Gamma &#8211; de griichesche Buschtaf Gamma<\/strong><\/span><\/h4>\n<h4 style=\"text-align: left;\"><span style=\"color: #f2f2f2;\"><strong>Gamma &#8211; Strahlen d\u00e9i sech n\u00ebt liicht bremse loossen<\/strong><\/span><\/h4>\n<h4 style=\"text-align: left;\"><span style=\"color: #f2f2f2;\"><strong>De Scoutissem ass eppes w\u00e9i d&#8217;Gamma-Strahlen: e l\u00e9isst sech n\u00ebt bremsen, och n\u00ebt duurch irgend eng Beh\u00ebnnerung. An dat dr\u00e9ckt am l\u00ebtzebuergesche Scoutissem\/Guidissem dat Wuert &#8222;Gamma&#8220; aus, symbolis\u00e9iert duurch de griichesche Buschtaf.<\/strong><\/span><\/h4>\n<h4 style=\"text-align: left;\"><span style=\"color: #f2f2f2;\"><strong>1968 gouf eng Meute W\u00ebllef \u00ebnnert der Bezeechnung &#8222;Gamma 2 Pierre d&#8217;Aspelt&#8220; gegr\u00ebnnt. Et handelt sech \u00ebm geeschteg beh\u00ebnnert Jongen a Medercher aus der Schoul &#8222;rue Pierre d&#8217;Aspelt&#8220;. Hir 1. Aktivit\u00e9it war e Weekend de 16.-17. November 1968.<\/strong><\/span><\/h4>\n<h4 style=\"text-align: left;\"><span style=\"color: #f2f2f2;\"><strong>1986 deelt sech Gamma Pierre d&#8217;Aspelt a W\u00ebllef an Explorer. Seitdem as \u00ebt eis Aufgab, fir dene Kanner, denen hir Beh\u00ebnnerung eng Integratioun an engem valide Grupp n\u00ebt m\u00e9igl\u00ebch mecht, Scoutissem ze bidden.<\/strong><\/span><\/h4>\n<h4 style=\"text-align: left;\"><span style=\"color: #f2f2f2;\"><strong>Informatiounen aus: Dossier GAMMA, erausgi vun der Gamma-Equipe 1987<\/strong><\/span><\/h4>\n<h4 style=\"text-align: left;\"><span style=\"color: #f2f2f2;\"><strong>Mir halen och drop, fir ze precis\u00e9iren, dass mir, w\u00e9i all Scouten, n\u00ebt fir eis Aktivit\u00e9ite bezuelt gin!<\/strong><\/span><\/h4>\n<p>[\/et_pb_text][\/et_pb_column][et_pb_column type=&#8220;1_3&#8243;][et_pb_image _builder_version=&#8220;3.0.89&#8243; src=&#8220;https:\/\/gamma.lgs.lu\/wp-content\/uploads\/2017\/11\/unnamed.jpg&#8220; show_in_lightbox=&#8220;on&#8220; url_new_window=&#8220;off&#8220; use_overlay=&#8220;off&#8220; always_center_on_mobile=&#8220;on&#8220; force_fullwidth=&#8220;off&#8220; show_bottom_space=&#8220;on&#8220; parallax=&#8220;on&#8220; \/][\/et_pb_column][\/et_pb_row][\/et_pb_section]<\/p>\n","protected":false},"excerpt":{"rendered":"<p>Gamma &#8211; de griichesche Buschtaf Gamma Gamma &#8211; Strahlen d\u00e9i sech n\u00ebt liicht bremse loossen De Scoutissem ass eppes w\u00e9i d&#8217;Gamma-Strahlen: e l\u00e9isst sech n\u00ebt bremsen, och n\u00ebt duurch irgend eng Beh\u00ebnnerung. An dat dr\u00e9ckt am l\u00ebtzebuergesche Scoutissem\/Guidissem dat Wuert &#8222;Gamma&#8220; aus, symbolis\u00e9iert duurch de griichesche Buschtaf. 1968 gouf eng Meute W\u00ebllef \u00ebnnert der Bezeechnung [&hellip;]<\/p>\n","protected":false},"author":2,"featured_media":0,"parent":134,"menu_order":0,"comment_status":"closed","ping_status":"closed","template":"","meta":{"_et_pb_use_builder":"on","_et_pb_old_content":"<p>Gamma - de griichesche Buschtaf Gamma?<\/p><p>Gamma - Strahlen d\u00e9i sech n\u00ebt liicht bremse loossen?<\/p><p>De Scoutissem ass eppes w\u00e9i d'Gamma-Strahlen: e l\u00e9isst sech n\u00ebt bremsen, och n\u00ebt duurch irgend eng Beh\u00ebnnerung. An dat dr\u00e9ckt am l\u00ebtzebuergesche Scoutissem\/Guidissem dat Wuert \"Gamma\" aus, symbolis\u00e9iert duurch de griichesche Buschtaf.<\/p><p>1968 gouf eng Meute W\u00ebllef \u00ebnnert der Bezeechnung \"Gamma 2 Pierre d'Aspelt\" gegr\u00ebnnt. Et handelt sech \u00ebm geeschteg beh\u00ebnnert Jongen a Medercher aus der Schoul \"rue Pierre d'Aspelt\". Hir 1. Aktivit\u00e9it war e Weekend de 16.-17. November 1968.<\/p><p>1986 deelt sech Gamma Pierre d'Aspelt a W\u00ebllef an Explorer. Seitdem as \u00ebt eis Aufgab, fir dene Kanner, denen hir Beh\u00ebnnerung eng Integratioun an engem valide Grupp n\u00ebt m\u00e9igl\u00ebch mecht, Scoutissem ze bidden.<\/p><p>Informatiounen aus: Dossier GAMMA, erausgi vun der Gamma-Equipe 1987<\/p><p>Mir halen och drop, fir ze precis\u00e9iren, dass mir, w\u00e9i all Scouten, n\u00ebt fir eis Aktivit\u00e9ite bezuelt gin!<\/p>","_et_gb_content_width":"","advanced_seo_description":"","jetpack_seo_html_title":"","jetpack_seo_noindex":false,"footnotes":""},"class_list":["post-140","page","type-page","status-publish","hentry"],"jetpack_sharing_enabled":true,"jetpack_shortlink":"https:\/\/wp.me\/P9x6Ys-2g","jetpack_likes_enabled":true,"jetpack-related-posts":[],"_links":{"self":[{"href":"https:\/\/gamma.lgs.lu\/index.php?rest_route=\/wp\/v2\/pages\/140","targetHints":{"allow":["GET"]}}],"collection":[{"href":"https:\/\/gamma.lgs.lu\/index.php?rest_route=\/wp\/v2\/pages"}],"about":[{"href":"https:\/\/gamma.lgs.lu\/index.php?rest_route=\/wp\/v2\/types\/page"}],"author":[{"embeddable":true,"href":"https:\/\/gamma.lgs.lu\/index.php?rest_route=\/wp\/v2\/users\/2"}],"replies":[{"embeddable":true,"href":"https:\/\/gamma.lgs.lu\/index.php?rest_route=%2Fwp%2Fv2%2Fcomments&post=140"}],"version-history":[{"count":20,"href":"https:\/\/gamma.lgs.lu\/index.php?rest_route=\/wp\/v2\/pages\/140\/revisions"}],"predecessor-version":[{"id":216,"href":"https:\/\/gamma.lgs.lu\/index.php?rest_route=\/wp\/v2\/pages\/140\/revisions\/216"}],"up":[{"embeddable":true,"href":"https:\/\/gamma.lgs.lu\/index.php?rest_route=\/wp\/v2\/pages\/134"}],"wp:attachment":[{"href":"https:\/\/gamma.lgs.lu\/index.php?rest_route=%2Fwp%2Fv2%2Fmedia&parent=140"}],"curies":[{"name":"wp","href":"https:\/\/api.w.org\/{rel}","templated":true}]}}