{"id":153,"date":"2017-11-22T15:06:55","date_gmt":"2017-11-22T15:06:55","guid":{"rendered":"https:\/\/gamma.lgs.lu\/?page_id=153"},"modified":"2018-11-22T14:21:08","modified_gmt":"2018-11-22T14:21:08","slug":"eis-methoden","status":"publish","type":"page","link":"https:\/\/gamma.lgs.lu\/?page_id=153","title":{"rendered":"Eis Methoden"},"content":{"rendered":"<p>[et_pb_section fb_built=&#8220;1&#8243; _builder_version=&#8220;3.0.89&#8243; background_color=&#8220;#0c71c3&#8243;][et_pb_row _builder_version=&#8220;3.0.89&#8243; custom_padding=&#8220;27px|0px|27px|72px|false|false&#8220;][et_pb_column type=&#8220;2_3&#8243; _builder_version=&#8220;3.0.47&#8243; parallax=&#8220;off&#8220; parallax_method=&#8220;on&#8220;][et_pb_text _builder_version=&#8220;3.0.89&#8243; text_font_size=&#8220;15px&#8220; text_font_size_last_edited=&#8220;on|&#8220; text_letter_spacing=&#8220;1px&#8220; text_line_height=&#8220;2em&#8220; border_radii=&#8220;|0px|0px|0px|0px&#8220; border_width_all=&#8220;10px&#8220; border_color_all=&#8220;#0c71c3&#8243; border_style_all=&#8220;none&#8220; text_orientation=&#8220;justified&#8220; module_alignment=&#8220;left&#8220; animation_style=&#8220;slide&#8220; inline_fonts=&#8220;Alice&#8220;]<\/p>\n<h4><\/h4>\n<p><span style=\"font-family: Alice; font-weight: normal;\">\u00a0<\/span><\/p>\n<h4><\/h4>\n<h4><span style=\"color: #ffffff; font-family: Alice; font-weight: normal;\">Mir hunn, vis-\u00e0-vis vun aaneren Duerf-Scoutsgruppen en Ennerscheed:<\/span><\/h4>\n<h4><span style=\"color: #ffffff; font-family: Alice; font-weight: normal;\">Eis Guiden a Scouten hunn all eng geeschtegen oder phys\u00ebsch Beantr\u00e4chtegung.<\/span><\/h4>\n<h4><span style=\"color: #ffffff; font-family: Alice; font-weight: normal;\">All Scoutsgrupp schafft mat Versammlungen, mecht emol am Trimester e Weekend, an emol d&#8217;Jo\u00ebr e Camp. <\/span><\/h4>\n<h4><span style=\"color: #ffffff; font-family: Alice; font-weight: normal;\">Bei eis as dat n\u00ebt sou:<\/span><\/h4>\n<h4><span style=\"color: #ffffff; font-family: Alice; font-weight: normal;\">Mir hu Scouten aus dem ganze Land: h\u00e9ich aus dem Norden, an d\u00e9if aus dem S\u00fcden. Et m\u00e9cht kaum e S\u00ebnn, fir eng Versammlung iwwert zwou Stonnen hin an zr\u00e9ck ze fueren. Dofir maache mir 6 Weekender d&#8217;Joer wou mir meeschten vu Samsdes 17:00 bis Sonndes 17:00 zesumme sinn. <\/span><\/h4>\n<h4><span style=\"color: #ffffff; font-family: Alice; font-weight: normal;\">Am Summer ginn d&#8217;AvEx op e Camp an Zelter an d&#8217;W\u00ebllef op e verl\u00e4ngerte WE an e flotte Chalet.<\/span><\/h4>\n<h4><span style=\"color: #ffffff; font-family: Alice; font-weight: normal;\">Ausserdem denke mier, dass Aktivit\u00e9iten vun engem Weekend de Kanner a Jugendl\u00ebchen m\u00e9i entg\u00e9int kommen w\u00e9i Aktivit\u00e9iten vu just zwou Stonnen.<\/span><\/h4>\n<p>[\/et_pb_text][\/et_pb_column][et_pb_column type=&#8220;1_3&#8243; _builder_version=&#8220;3.0.47&#8243; parallax=&#8220;off&#8220; parallax_method=&#8220;on&#8220;][et_pb_image src=&#8220;https:\/\/gamma.lgs.lu\/wp-content\/uploads\/2017\/11\/unnamed.jpg&#8220; show_in_lightbox=&#8220;on&#8220; _builder_version=&#8220;3.0.89&#8243; parallax=&#8220;on&#8220;][\/et_pb_image][\/et_pb_column][\/et_pb_row][\/et_pb_section]<\/p>\n","protected":false},"excerpt":{"rendered":"<p>\u00a0 Mir hunn, vis-\u00e0-vis vun aaneren Duerf-Scoutsgruppen en Ennerscheed: Eis Guiden a Scouten hunn all eng geeschtegen oder phys\u00ebsch Beantr\u00e4chtegung. All Scoutsgrupp schafft mat Versammlungen, mecht emol am Trimester e Weekend, an emol d&#8217;Jo\u00ebr e Camp. Bei eis as dat n\u00ebt sou: Mir hu Scouten aus dem ganze Land: h\u00e9ich aus dem Norden, an d\u00e9if [&hellip;]<\/p>\n","protected":false},"author":2,"featured_media":0,"parent":134,"menu_order":0,"comment_status":"closed","ping_status":"closed","template":"","meta":{"_et_pb_use_builder":"on","_et_pb_old_content":"<p>Mir hunn, vis-\u00e0-vis vun aaneren Duerf-Scoutsgruppen en Ennerscheed: eis Guiden a Scouten hunn all e geeschtegen oder phys\u00ebschen Handicap.<\/p><p>All Scoutsgrupp schafft mat Versammlungen, mecht emol am Trimester e Weekend, an emol d'Jo\u00ebr e Camp. Bei eis as dat n\u00ebt sou. De S\u00ebtz vun eisem Grupp as zwar d'Stad L\u00ebtzebuerg, mee mir hu Scouten aus dem ganze Land: h\u00e9ich aus dem Norden, an d\u00e9if aus dem S\u00fcden. Et m\u00e9cht kaum e S\u00ebnn, fir eng Versammlung iwwert zwou Stonnen hin an zr\u00e9ck ze fueren. Dofir maache mir 6 Weekender d'Joer an e Summercamp.<\/p><p>Ausserdem denke mier, dass Aktivit\u00e9iten vun engem Weekend dem geeschteg beh\u00ebnnerte Kand a Jugendl\u00ebchen m\u00e9i entg\u00e9int kommen w\u00e9i Aktivit\u00e9iten vu just zwou Stonnen.<\/p>","_et_gb_content_width":"","advanced_seo_description":"","jetpack_seo_html_title":"","jetpack_seo_noindex":false,"footnotes":""},"class_list":["post-153","page","type-page","status-publish","hentry"],"jetpack_sharing_enabled":true,"jetpack_shortlink":"https:\/\/wp.me\/P9x6Ys-2t","jetpack_likes_enabled":true,"jetpack-related-posts":[],"_links":{"self":[{"href":"https:\/\/gamma.lgs.lu\/index.php?rest_route=\/wp\/v2\/pages\/153","targetHints":{"allow":["GET"]}}],"collection":[{"href":"https:\/\/gamma.lgs.lu\/index.php?rest_route=\/wp\/v2\/pages"}],"about":[{"href":"https:\/\/gamma.lgs.lu\/index.php?rest_route=\/wp\/v2\/types\/page"}],"author":[{"embeddable":true,"href":"https:\/\/gamma.lgs.lu\/index.php?rest_route=\/wp\/v2\/users\/2"}],"replies":[{"embeddable":true,"href":"https:\/\/gamma.lgs.lu\/index.php?rest_route=%2Fwp%2Fv2%2Fcomments&post=153"}],"version-history":[{"count":8,"href":"https:\/\/gamma.lgs.lu\/index.php?rest_route=\/wp\/v2\/pages\/153\/revisions"}],"predecessor-version":[{"id":313,"href":"https:\/\/gamma.lgs.lu\/index.php?rest_route=\/wp\/v2\/pages\/153\/revisions\/313"}],"up":[{"embeddable":true,"href":"https:\/\/gamma.lgs.lu\/index.php?rest_route=\/wp\/v2\/pages\/134"}],"wp:attachment":[{"href":"https:\/\/gamma.lgs.lu\/index.php?rest_route=%2Fwp%2Fv2%2Fmedia&parent=153"}],"curies":[{"name":"wp","href":"https:\/\/api.w.org\/{rel}","templated":true}]}}