{"id":159,"date":"2017-11-22T15:15:14","date_gmt":"2017-11-22T15:15:14","guid":{"rendered":"https:\/\/gamma.lgs.lu\/?page_id=159"},"modified":"2021-03-15T12:56:43","modified_gmt":"2021-03-15T12:56:43","slug":"avex","status":"publish","type":"page","link":"https:\/\/gamma.lgs.lu\/?page_id=159","title":{"rendered":"Avex"},"content":{"rendered":"<p>[et_pb_section fb_built=&#8220;1&#8243; _builder_version=&#8220;3.22&#8243;][et_pb_row _builder_version=&#8220;3.25&#8243; background_size=&#8220;initial&#8220; background_position=&#8220;top_left&#8220; background_repeat=&#8220;repeat&#8220;][et_pb_column type=&#8220;4_4&#8243; _builder_version=&#8220;3.25&#8243; custom_padding=&#8220;|||&#8220; custom_padding__hover=&#8220;|||&#8220;][et_pb_text _builder_version=&#8220;3.27.4&#8243; text_font=&#8220;|600|||||||&#8220; text_font_size=&#8220;20px&#8220; custom_margin=&#8220;5px|||5px&#8220; custom_padding=&#8220;5px|||5px&#8220; border_radii=&#8220;on|10px|10px|10px|10px&#8220; border_width_all=&#8220;2px&#8220; border_color_all=&#8220;#0c71c3&#8243; box_shadow_style=&#8220;preset2&#8243; box_shadow_color=&#8220;rgba(12,113,195,0.3)&#8220;]<\/p>\n<h2><strong>Aus Kanner gi Leit. An aus W\u00ebllefcher ginn AvEx. Bei eis sinn d\u2018 Scouten am Alter vu 14 bis 25. Mir man, w\u00e9i d\u2018 W\u00ebllefcher och, ongef\u00e9ier 6 Weekender am Joer an ee Summercamp. De Summercamp ma mer am Zelt, mat h\u00eblzene Scoutskonstruktiounen.<\/strong><\/h2>\n<p>[\/et_pb_text][\/et_pb_column][\/et_pb_row][\/et_pb_section][et_pb_section fb_built=&#8220;1&#8243; _builder_version=&#8220;3.22&#8243;][et_pb_row _builder_version=&#8220;3.25&#8243;][et_pb_column type=&#8220;4_4&#8243; _builder_version=&#8220;3.25&#8243; custom_padding=&#8220;|||&#8220; custom_padding__hover=&#8220;|||&#8220;][et_pb_blurb title=&#8220;Eis n\u00e4chst WE&#8217;er dest Joer:&#8220; image=&#8220;https:\/\/gamma.lgs.lu\/wp-content\/uploads\/2018\/11\/2017-07-22-23.34.26.jpg&#8220; _builder_version=&#8220;3.17.6&#8243;][\/et_pb_blurb][\/et_pb_column][\/et_pb_row][et_pb_row _builder_version=&#8220;4.9.1&#8243; _module_preset=&#8220;default&#8220;][et_pb_column _builder_version=&#8220;4.9.1&#8243; _module_preset=&#8220;default&#8220; type=&#8220;4_4&#8243;][et_pb_text _builder_version=&#8220;4.9.1&#8243; _module_preset=&#8220;default&#8220; background_color=&#8220;#EDF000&#8243; hover_enabled=&#8220;0&#8243; sticky_enabled=&#8220;0&#8243;]<\/p>\n<p><span style=\"font-size: 14px;\">Update 11\/2020: <br \/>Weinst Covid-19 sinn momentan all eis WE&#8217;er leider oofgesoot.<br \/>Dei aktuell Moosnahmen fuerderen dass mir 100% dobaussen an mat Mask eis Aktivit\u00e9iten machen. Iwwernuechtungen sinn net erlaabt.<br \/>Mir hoffen dass et am Fr\u00e9ijoer besser geet an dass mir deen een oder aaneren WE hale k\u00ebnnen.\u00a0<\/span><\/p>\n<p>[\/et_pb_text][\/et_pb_column][\/et_pb_row][\/et_pb_section]<\/p>\n","protected":false},"excerpt":{"rendered":"<p>Aus Kanner gi Leit. An aus W\u00ebllefcher ginn AvEx. Bei eis sinn d\u2018 Scouten am Alter vu 14 bis 25. Mir man, w\u00e9i d\u2018 W\u00ebllefcher och, ongef\u00e9ier 6 Weekender am Joer an ee Summercamp. De Summercamp ma mer am Zelt, mat h\u00eblzene Scoutskonstruktiounen. Update 11\/2020: Weinst Covid-19 sinn momentan all eis WE&#8217;er leider oofgesoot.Dei aktuell [&hellip;]<\/p>\n","protected":false},"author":2,"featured_media":0,"parent":0,"menu_order":0,"comment_status":"closed","ping_status":"closed","template":"","meta":{"_et_pb_use_builder":"on","_et_pb_old_content":"<p>Aus Kanner gi Leit. An aus W\u00ebllefcher ginn AvEx. Bei eis sinn d' Scouten am Alter vu 14 bis 25. Mir man, w\u00e9i d' W\u00ebllefcher och, ongef\u00e9ier 6 Weekender am Joer an ee Summercamp. De Summercamp ma mer am Zelt, mat h\u00eblzene Scoutskonstruktiounen.<\/p>","_et_gb_content_width":"","advanced_seo_description":"","jetpack_seo_html_title":"","jetpack_seo_noindex":false,"footnotes":""},"class_list":["post-159","page","type-page","status-publish","hentry"],"jetpack_sharing_enabled":true,"jetpack_shortlink":"https:\/\/wp.me\/P9x6Ys-2z","jetpack_likes_enabled":true,"jetpack-related-posts":[],"_links":{"self":[{"href":"https:\/\/gamma.lgs.lu\/index.php?rest_route=\/wp\/v2\/pages\/159","targetHints":{"allow":["GET"]}}],"collection":[{"href":"https:\/\/gamma.lgs.lu\/index.php?rest_route=\/wp\/v2\/pages"}],"about":[{"href":"https:\/\/gamma.lgs.lu\/index.php?rest_route=\/wp\/v2\/types\/page"}],"author":[{"embeddable":true,"href":"https:\/\/gamma.lgs.lu\/index.php?rest_route=\/wp\/v2\/users\/2"}],"replies":[{"embeddable":true,"href":"https:\/\/gamma.lgs.lu\/index.php?rest_route=%2Fwp%2Fv2%2Fcomments&post=159"}],"version-history":[{"count":5,"href":"https:\/\/gamma.lgs.lu\/index.php?rest_route=\/wp\/v2\/pages\/159\/revisions"}],"predecessor-version":[{"id":442,"href":"https:\/\/gamma.lgs.lu\/index.php?rest_route=\/wp\/v2\/pages\/159\/revisions\/442"}],"wp:attachment":[{"href":"https:\/\/gamma.lgs.lu\/index.php?rest_route=%2Fwp%2Fv2%2Fmedia&parent=159"}],"curies":[{"name":"wp","href":"https:\/\/api.w.org\/{rel}","templated":true}]}}